{"id":216,"date":"2025-11-18T15:52:29","date_gmt":"2025-11-18T15:52:29","guid":{"rendered":"https:\/\/lappartducriou.fr\/?page_id=216"},"modified":"2025-11-20T17:11:16","modified_gmt":"2025-11-20T17:11:16","slug":"4-couchages","status":"publish","type":"page","link":"https:\/\/lappartducriou.fr\/index.php\/4-couchages\/","title":{"rendered":"Appartement 4 personnes"},"content":{"rendered":"\t\t<div data-elementor-type=\"wp-page\" data-elementor-id=\"216\" class=\"elementor elementor-216\">\n\t\t\t\t<div class=\"elementor-element elementor-element-3f707bf e-flex e-con-boxed e-con e-parent\" data-id=\"3f707bf\" data-element_type=\"container\">\n\t\t\t\t\t<div class=\"e-con-inner\">\n\t\t\t\t<div class=\"elementor-element elementor-element-f994a7a elementor-widget elementor-widget-heading\" data-id=\"f994a7a\" data-element_type=\"widget\" data-widget_type=\"heading.default\">\n\t\t\t\t\t<h2 class=\"elementor-heading-title elementor-size-default\">Le s\u00e9jour<\/h2>\t\t\t\t<\/div>\n\t\t\t\t\t<\/div>\n\t\t\t\t<\/div>\n\t\t<div class=\"elementor-element elementor-element-1227e5a e-flex e-con-boxed e-con e-parent\" data-id=\"1227e5a\" data-element_type=\"container\">\n\t\t\t\t\t<div class=\"e-con-inner\">\n\t\t<div class=\"elementor-element elementor-element-c962c0f e-con-full e-flex e-con e-child\" data-id=\"c962c0f\" data-element_type=\"container\" data-settings=\"{&quot;background_background&quot;:&quot;slideshow&quot;,&quot;background_slideshow_gallery&quot;:[{&quot;id&quot;:221,&quot;url&quot;:&quot;http:\\\/\\\/lappartducriou.fr\\\/wp-content\\\/uploads\\\/2025\\\/11\\\/IMG_5814.jpg&quot;}],&quot;background_slideshow_loop&quot;:&quot;yes&quot;,&quot;background_slideshow_slide_duration&quot;:5000,&quot;background_slideshow_slide_transition&quot;:&quot;fade&quot;,&quot;background_slideshow_transition_duration&quot;:500}\">\n\t\t\t\t<\/div>\n\t\t<div class=\"elementor-element elementor-element-96530a9 e-con-full e-flex e-con e-child\" data-id=\"96530a9\" data-element_type=\"container\">\n\t\t<div class=\"elementor-element elementor-element-797a764 e-con-full e-flex e-con e-child\" data-id=\"797a764\" data-element_type=\"container\">\n\t\t\t\t<div class=\"elementor-element elementor-element-e9da67c elementor-widget elementor-widget-heading\" data-id=\"e9da67c\" data-element_type=\"widget\" data-widget_type=\"heading.default\">\n\t\t\t\t\t<h2 class=\"elementor-heading-title elementor-size-default\">Le s\u00e9jour est compos\u00e9 d'une banquette lit.<br>Une fois d\u00e9pli\u00e9 vous obtiendrez un lit de 160*200cm<\/h2>\t\t\t\t<\/div>\n\t\t\t\t<\/div>\n\t\t\t\t<\/div>\n\t\t\t\t\t<\/div>\n\t\t\t\t<\/div>\n\t\t<div class=\"elementor-element elementor-element-c622ea4 e-flex e-con-boxed e-con e-parent\" data-id=\"c622ea4\" data-element_type=\"container\">\n\t\t\t\t\t<div class=\"e-con-inner\">\n\t\t\t\t<div class=\"elementor-element elementor-element-de7ed09 elementor-widget elementor-widget-heading\" data-id=\"de7ed09\" data-element_type=\"widget\" data-widget_type=\"heading.default\">\n\t\t\t\t\t<h2 class=\"elementor-heading-title elementor-size-default\">Le coin montagne<\/h2>\t\t\t\t<\/div>\n\t\t\t\t\t<\/div>\n\t\t\t\t<\/div>\n\t\t<div class=\"elementor-element elementor-element-8d24512 e-flex e-con-boxed e-con e-parent\" data-id=\"8d24512\" data-element_type=\"container\">\n\t\t\t\t\t<div class=\"e-con-inner\">\n\t\t<div class=\"elementor-element elementor-element-730bd44 e-con-full e-flex e-con e-child\" data-id=\"730bd44\" data-element_type=\"container\" data-settings=\"{&quot;background_background&quot;:&quot;slideshow&quot;,&quot;background_slideshow_gallery&quot;:[{&quot;id&quot;:222,&quot;url&quot;:&quot;http:\\\/\\\/lappartducriou.fr\\\/wp-content\\\/uploads\\\/2025\\\/11\\\/20200111_162354-1-scaled.jpg&quot;}],&quot;background_slideshow_loop&quot;:&quot;yes&quot;,&quot;background_slideshow_slide_duration&quot;:5000,&quot;background_slideshow_slide_transition&quot;:&quot;fade&quot;,&quot;background_slideshow_transition_duration&quot;:500}\">\n\t\t\t\t<\/div>\n\t\t<div class=\"elementor-element elementor-element-6815832 e-con-full e-flex e-con e-child\" data-id=\"6815832\" data-element_type=\"container\">\n\t\t\t\t<div class=\"elementor-element elementor-element-18e4433 elementor-widget elementor-widget-heading\" data-id=\"18e4433\" data-element_type=\"widget\" data-widget_type=\"heading.default\">\n\t\t\t\t\t<h2 class=\"elementor-heading-title elementor-size-default\">Avec le coin montagne vous pourrez b\u00e9n\u00e9ficier de 2 lits simples.<br>Vous y trouverez de grand placard.<\/h2>\t\t\t\t<\/div>\n\t\t\t\t<\/div>\n\t\t\t\t\t<\/div>\n\t\t\t\t<\/div>\n\t\t<div class=\"elementor-element elementor-element-1b7edd6 e-flex e-con-boxed e-con e-parent\" data-id=\"1b7edd6\" data-element_type=\"container\">\n\t\t\t\t\t<div class=\"e-con-inner\">\n\t\t\t\t<div class=\"elementor-element elementor-element-8191b9d elementor-widget elementor-widget-heading\" data-id=\"8191b9d\" data-element_type=\"widget\" data-widget_type=\"heading.default\">\n\t\t\t\t\t<h2 class=\"elementor-heading-title elementor-size-default\">La cuisine<\/h2>\t\t\t\t<\/div>\n\t\t\t\t\t<\/div>\n\t\t\t\t<\/div>\n\t\t<div class=\"elementor-element elementor-element-96fa2e9 e-flex e-con-boxed e-con e-parent\" data-id=\"96fa2e9\" data-element_type=\"container\">\n\t\t\t\t\t<div class=\"e-con-inner\">\n\t\t<div class=\"elementor-element elementor-element-b3a12d7 e-con-full e-flex e-con e-child\" data-id=\"b3a12d7\" data-element_type=\"container\" data-settings=\"{&quot;background_background&quot;:&quot;slideshow&quot;,&quot;background_slideshow_gallery&quot;:[{&quot;id&quot;:223,&quot;url&quot;:&quot;http:\\\/\\\/lappartducriou.fr\\\/wp-content\\\/uploads\\\/2025\\\/11\\\/IMG_5818-2.jpg&quot;}],&quot;background_slideshow_loop&quot;:&quot;yes&quot;,&quot;background_slideshow_slide_duration&quot;:5000,&quot;background_slideshow_slide_transition&quot;:&quot;fade&quot;,&quot;background_slideshow_transition_duration&quot;:500}\">\n\t\t\t\t<\/div>\n\t\t<div class=\"elementor-element elementor-element-13c5ac8 e-con-full e-flex e-con e-child\" data-id=\"13c5ac8\" data-element_type=\"container\" data-settings=\"{&quot;background_background&quot;:&quot;slideshow&quot;,&quot;background_slideshow_gallery&quot;:[],&quot;background_slideshow_loop&quot;:&quot;yes&quot;,&quot;background_slideshow_slide_duration&quot;:5000,&quot;background_slideshow_slide_transition&quot;:&quot;fade&quot;,&quot;background_slideshow_transition_duration&quot;:500}\">\n\t\t\t\t<div class=\"elementor-element elementor-element-e1d16ca elementor-widget elementor-widget-heading\" data-id=\"e1d16ca\" data-element_type=\"widget\" data-widget_type=\"heading.default\">\n\t\t\t\t\t<h2 class=\"elementor-heading-title elementor-size-default\">Dans la cuisine vous trouverez un r\u00e9frig\u00e9rateur, une plaque vitroceramique 2 feux, un lave vaisselle, un micro-onde et un mini-four.<br>Pour le petit d\u00e9jeuner vous aurez a disposition une bouilloire, une cafeti\u00e8re \u00e0 filtre et une machine \u00e0 caf\u00e9 Senseo.<\/h2>\t\t\t\t<\/div>\n\t\t\t\t<\/div>\n\t\t\t\t\t<\/div>\n\t\t\t\t<\/div>\n\t\t<div class=\"elementor-element elementor-element-4f7794a e-flex e-con-boxed e-con e-parent\" data-id=\"4f7794a\" data-element_type=\"container\">\n\t\t\t\t\t<div class=\"e-con-inner\">\n\t\t\t\t<div class=\"elementor-element elementor-element-fdf6ee6 elementor-widget elementor-widget-heading\" data-id=\"fdf6ee6\" data-element_type=\"widget\" data-widget_type=\"heading.default\">\n\t\t\t\t\t<h2 class=\"elementor-heading-title elementor-size-default\">La salle de bain et WC s\u00e9par\u00e9<\/h2>\t\t\t\t<\/div>\n\t\t\t\t\t<\/div>\n\t\t\t\t<\/div>\n\t\t<div class=\"elementor-element elementor-element-0866c9b e-flex e-con-boxed e-con e-parent\" data-id=\"0866c9b\" data-element_type=\"container\">\n\t\t\t\t\t<div class=\"e-con-inner\">\n\t\t<div class=\"elementor-element elementor-element-0339a29 e-con-full e-flex e-con e-child\" data-id=\"0339a29\" data-element_type=\"container\" data-settings=\"{&quot;background_background&quot;:&quot;slideshow&quot;,&quot;background_slideshow_gallery&quot;:[{&quot;id&quot;:230,&quot;url&quot;:&quot;http:\\\/\\\/lappartducriou.fr\\\/wp-content\\\/uploads\\\/2025\\\/11\\\/20200111_162402-1-scaled.jpg&quot;}],&quot;background_slideshow_loop&quot;:&quot;yes&quot;,&quot;background_slideshow_slide_duration&quot;:5000,&quot;background_slideshow_slide_transition&quot;:&quot;fade&quot;,&quot;background_slideshow_transition_duration&quot;:500}\">\n\t\t\t\t<\/div>\n\t\t<div class=\"elementor-element elementor-element-746f1ef e-con-full e-flex e-con e-child\" data-id=\"746f1ef\" data-element_type=\"container\" data-settings=\"{&quot;background_background&quot;:&quot;slideshow&quot;,&quot;background_slideshow_gallery&quot;:[{&quot;id&quot;:231,&quot;url&quot;:&quot;http:\\\/\\\/lappartducriou.fr\\\/wp-content\\\/uploads\\\/2025\\\/11\\\/20200111_162417-1-scaled.jpg&quot;}],&quot;background_slideshow_loop&quot;:&quot;yes&quot;,&quot;background_slideshow_slide_duration&quot;:5000,&quot;background_slideshow_slide_transition&quot;:&quot;fade&quot;,&quot;background_slideshow_transition_duration&quot;:500}\">\n\t\t\t\t<\/div>\n\t\t<div class=\"elementor-element elementor-element-b90e73f e-con-full e-flex e-con e-child\" data-id=\"b90e73f\" data-element_type=\"container\">\n\t\t\t\t<div class=\"elementor-element elementor-element-f9e6081 elementor-widget__width-initial elementor-widget elementor-widget-heading\" data-id=\"f9e6081\" data-element_type=\"widget\" data-widget_type=\"heading.default\">\n\t\t\t\t\t<h2 class=\"elementor-heading-title elementor-size-default\">La salle de bain est \u00e9quip\u00e9e d'une douche<\/h2>\t\t\t\t<\/div>\n\t\t\t\t<\/div>\n\t\t\t\t\t<\/div>\n\t\t\t\t<\/div>\n\t\t\t\t<\/div>\n\t\t","protected":false},"excerpt":{"rendered":"<p>Le s\u00e9jour Le s\u00e9jour est compos\u00e9 d&rsquo;une banquette lit.Une fois d\u00e9pli\u00e9 vous obtiendrez un lit de 160*200cm Le coin montagne Avec le coin montagne vous pourrez b\u00e9n\u00e9ficier de 2 lits simples.Vous y trouverez de grand placard. La cuisine Dans la cuisine vous trouverez un r\u00e9frig\u00e9rateur, une plaque vitroceramique 2 feux, un lave vaisselle, un micro-onde [&hellip;]<\/p>\n","protected":false},"author":1,"featured_media":0,"parent":0,"menu_order":0,"comment_status":"closed","ping_status":"closed","template":"elementor_header_footer","meta":{"footnotes":""},"class_list":["post-216","page","type-page","status-publish","hentry","entry"],"_links":{"self":[{"href":"https:\/\/lappartducriou.fr\/index.php\/wp-json\/wp\/v2\/pages\/216","targetHints":{"allow":["GET"]}}],"collection":[{"href":"https:\/\/lappartducriou.fr\/index.php\/wp-json\/wp\/v2\/pages"}],"about":[{"href":"https:\/\/lappartducriou.fr\/index.php\/wp-json\/wp\/v2\/types\/page"}],"author":[{"embeddable":true,"href":"https:\/\/lappartducriou.fr\/index.php\/wp-json\/wp\/v2\/users\/1"}],"replies":[{"embeddable":true,"href":"https:\/\/lappartducriou.fr\/index.php\/wp-json\/wp\/v2\/comments?post=216"}],"version-history":[{"count":50,"href":"https:\/\/lappartducriou.fr\/index.php\/wp-json\/wp\/v2\/pages\/216\/revisions"}],"predecessor-version":[{"id":423,"href":"https:\/\/lappartducriou.fr\/index.php\/wp-json\/wp\/v2\/pages\/216\/revisions\/423"}],"wp:attachment":[{"href":"https:\/\/lappartducriou.fr\/index.php\/wp-json\/wp\/v2\/media?parent=216"}],"curies":[{"name":"wp","href":"https:\/\/api.w.org\/{rel}","templated":true}]}}