{"id":328,"date":"2025-11-20T12:54:16","date_gmt":"2025-11-20T12:54:16","guid":{"rendered":"https:\/\/lappartducriou.fr\/?page_id=328"},"modified":"2026-01-28T15:27:34","modified_gmt":"2026-01-28T15:27:34","slug":"reserver","status":"publish","type":"page","link":"https:\/\/lappartducriou.fr\/index.php\/reserver\/","title":{"rendered":"R\u00e9server"},"content":{"rendered":"\t\t<div data-elementor-type=\"wp-page\" data-elementor-id=\"328\" class=\"elementor elementor-328\">\n\t\t\t\t<div class=\"elementor-element elementor-element-f24a795 e-flex e-con-boxed e-con e-parent\" data-id=\"f24a795\" data-element_type=\"container\">\n\t\t\t\t\t<div class=\"e-con-inner\">\n\t\t\t\t<div class=\"elementor-element elementor-element-9899b7b elementor-widget elementor-widget-heading\" data-id=\"9899b7b\" data-element_type=\"widget\" data-widget_type=\"heading.default\">\n\t\t\t\t\t<h2 class=\"elementor-heading-title elementor-size-default\">R\u00e9servez votre s\u00e9jour \u00e0 Samoens<\/h2>\t\t\t\t<\/div>\n\t\t\t\t<div class=\"elementor-element elementor-element-59b0fd7 elementor-widget elementor-widget-heading\" data-id=\"59b0fd7\" data-element_type=\"widget\" data-widget_type=\"heading.default\">\n\t\t\t\t\t<h2 class=\"elementor-heading-title elementor-size-default\">Conditions de r\u00e9servation : <br>Le prix ne tient pas en compte de la taxe de s\u00e9jour qui sera \u00e0 r\u00e9gler sur place \u00e0 l'agence Immo 2000 (environ 5% du montant total). Il vous sera demand\u00e9 sur place de r\u00e9gler par ch\u00e8que ou esp\u00e8ce une caution de 400\u20ac.<br>Apr\u00e8s r\u00e9servation vous b\u00e9n\u00e9ficierez de 20 jours avant votre arriv\u00e9e pour annuler gratuitement votre r\u00e9servation via l'onglet annulation. Entre 20 jours et  7 jours avant votre arriv\u00e9e 50% de frais sera appliqu\u00e9s. Au del\u00e0 de 7 jours avant votre arriv\u00e9 100% de frais sera appliqu\u00e9s.<\/h2>\t\t\t\t<\/div>\n\t\t\t\t<div class=\"elementor-element elementor-element-07d7e76 elementor-widget elementor-widget-shortcode\" data-id=\"07d7e76\" data-element_type=\"widget\" data-widget_type=\"shortcode.default\">\n\t\t\t\t\t\t\t<div class=\"elementor-shortcode\"><label>\n   <input type=\"checkbox\" required> J'ai lu et j'accepte les conditions de r\u00e9servation\n<\/label><\/div>\n\t\t\t\t\t\t<\/div>\n\t\t\t\t<div class=\"elementor-element elementor-element-af56259 elementor-widget elementor-widget-shortcode\" data-id=\"af56259\" data-element_type=\"widget\" data-widget_type=\"shortcode.default\">\n\t\t\t\t\t\t\t<div class=\"elementor-shortcode\"><\/div>\n\t\t\t\t\t\t<\/div>\n\t\t\t\t\t<\/div>\n\t\t\t\t<\/div>\n\t\t<div class=\"elementor-element elementor-element-281ea30 e-flex e-con-boxed e-con e-parent\" data-id=\"281ea30\" data-element_type=\"container\">\n\t\t\t\t\t<div class=\"e-con-inner\">\n\t\t\t\t<div class=\"elementor-element elementor-element-94fa47b elementor-widget elementor-widget-shortcode\" data-id=\"94fa47b\" data-element_type=\"widget\" data-widget_type=\"shortcode.default\">\n\t\t\t\t\t\t\t<div class=\"elementor-shortcode\"><\/div>\n\t\t\t\t\t\t<\/div>\n\t\t\t\t\t<\/div>\n\t\t\t\t<\/div>\n\t\t<div class=\"elementor-element elementor-element-d6e4a08 e-flex e-con-boxed e-con e-parent\" data-id=\"d6e4a08\" data-element_type=\"container\">\n\t\t\t\t\t<div class=\"e-con-inner\">\n\t\t\t\t\t<\/div>\n\t\t\t\t<\/div>\n\t\t\t\t<\/div>\n\t\t","protected":false},"excerpt":{"rendered":"<p>R\u00e9servez votre s\u00e9jour \u00e0 Samoens Conditions de r\u00e9servation : Le prix ne tient pas en compte de la taxe de s\u00e9jour qui sera \u00e0 r\u00e9gler sur place \u00e0 l&rsquo;agence Immo 2000 (environ 5% du montant total). Il vous sera demand\u00e9 sur place de r\u00e9gler par ch\u00e8que ou esp\u00e8ce une caution de 400\u20ac.Apr\u00e8s r\u00e9servation vous b\u00e9n\u00e9ficierez [&hellip;]<\/p>\n","protected":false},"author":1,"featured_media":0,"parent":0,"menu_order":0,"comment_status":"closed","ping_status":"closed","template":"elementor_header_footer","meta":{"footnotes":""},"class_list":["post-328","page","type-page","status-publish","hentry","entry"],"_links":{"self":[{"href":"https:\/\/lappartducriou.fr\/index.php\/wp-json\/wp\/v2\/pages\/328","targetHints":{"allow":["GET"]}}],"collection":[{"href":"https:\/\/lappartducriou.fr\/index.php\/wp-json\/wp\/v2\/pages"}],"about":[{"href":"https:\/\/lappartducriou.fr\/index.php\/wp-json\/wp\/v2\/types\/page"}],"author":[{"embeddable":true,"href":"https:\/\/lappartducriou.fr\/index.php\/wp-json\/wp\/v2\/users\/1"}],"replies":[{"embeddable":true,"href":"https:\/\/lappartducriou.fr\/index.php\/wp-json\/wp\/v2\/comments?post=328"}],"version-history":[{"count":61,"href":"https:\/\/lappartducriou.fr\/index.php\/wp-json\/wp\/v2\/pages\/328\/revisions"}],"predecessor-version":[{"id":528,"href":"https:\/\/lappartducriou.fr\/index.php\/wp-json\/wp\/v2\/pages\/328\/revisions\/528"}],"wp:attachment":[{"href":"https:\/\/lappartducriou.fr\/index.php\/wp-json\/wp\/v2\/media?parent=328"}],"curies":[{"name":"wp","href":"https:\/\/api.w.org\/{rel}","templated":true}]}}